{"id":558,"date":"2022-02-01T18:24:45","date_gmt":"2022-02-01T17:24:45","guid":{"rendered":"http:\/\/panifotografik.pl\/?page_id=558"},"modified":"2022-02-10T01:43:39","modified_gmt":"2022-02-10T00:43:39","slug":"fotografia-rodzinna","status":"publish","type":"page","link":"http:\/\/panifotografik.pl\/index.php\/fotografia-rodzinna\/","title":{"rendered":"Fotografia rodzinna"},"content":{"rendered":"\t\t<div data-elementor-type=\"wp-page\" data-elementor-id=\"558\" class=\"elementor elementor-558\" data-elementor-settings=\"[]\">\n\t\t\t\t\t\t\t<div class=\"elementor-section-wrap\">\n\t\t\t\t\t\t\t<section class=\"elementor-section elementor-top-section elementor-element elementor-element-39e5edc elementor-section-boxed elementor-section-height-default elementor-section-height-default parallax_section_no qode_elementor_container_no qode-content-aligment-left\" data-id=\"39e5edc\" data-element_type=\"section\">\n\t\t\t\t\t\t<div class=\"elementor-container elementor-column-gap-default\">\n\t\t\t\t\t<div class=\"elementor-column elementor-col-100 elementor-top-column elementor-element elementor-element-e1a7b8f\" data-id=\"e1a7b8f\" data-element_type=\"column\">\n\t\t\t<div class=\"elementor-widget-wrap elementor-element-populated\">\n\t\t\t\t\t\t\t\t<div class=\"elementor-element elementor-element-06e8647 elementor-widget elementor-widget-text-editor\" data-id=\"06e8647\" data-element_type=\"widget\" data-widget_type=\"text-editor.default\">\n\t\t\t\t<div class=\"elementor-widget-container\">\n\t\t\t<style>\/*! elementor - v3.5.5 - 03-02-2022 *\/\n.elementor-widget-text-editor.elementor-drop-cap-view-stacked .elementor-drop-cap{background-color:#818a91;color:#fff}.elementor-widget-text-editor.elementor-drop-cap-view-framed .elementor-drop-cap{color:#818a91;border:3px solid;background-color:transparent}.elementor-widget-text-editor:not(.elementor-drop-cap-view-default) .elementor-drop-cap{margin-top:8px}.elementor-widget-text-editor:not(.elementor-drop-cap-view-default) .elementor-drop-cap-letter{width:1em;height:1em}.elementor-widget-text-editor .elementor-drop-cap{float:left;text-align:center;line-height:1;font-size:50px}.elementor-widget-text-editor .elementor-drop-cap-letter{display:inline-block}<\/style>\t\t\t\t<h3><span style=\"color: #121212; background-color: #ffffff;\">Najlepiej czujecie si\u0119 u siebie w domu?\u00a0<\/span><\/h3><p>\u00a0<\/p><p><span style=\"color: #121212; background-color: #ffffff;\">I bardzo dobrze. Absolutnie to rozumiem. Mo\u017cecie zaprosi\u0107 mnie na rodzinne zdj\u0119cia do swojego domu. B\u0119d\u0119 Wam w\u00f3wczas asystowa\u0107 w Waszej wsp\u00f3lnej, niezwyk\u0142ej codzienno\u015bci. <strong>Bez po\u015bpiechu, nerwowej atmosfery.<\/strong> Skupicie si\u0119 na sobie i zapomnicie, \u017ce to sesja fotograficzna. <strong>Czu\u0142e gesty, spojrzenia, lu\u017ana atmosfera i poczucie bezpiecze\u0144stwa.<\/strong> W czasie domowej sesji zdj\u0119ciowej pod\u0105\u017cam za Wami i dzieckiem. Mog\u0119 zrobi\u0107 zdj\u0119cia w r\u00f3\u017cnych pomieszczeniach, mo\u017cemy wykorzysta\u0107 Wasze zabawki, codzienne przedmioty, uwieczni\u0107 na fotografiach Wasze otoczenie, a mo\u017ce tak\u017ce ukochanego Pupila?\u00a0<\/span><\/p><p><span style=\"color: #121212; background-color: #ffffff;\">Czy mo\u017cna wyobrazi\u0107 sobie bardziej naturaln\u0105 dla Was sceneri\u0119?<\/span><\/p>\t\t\t\t\t\t<\/div>\n\t\t\t\t<\/div>\n\t\t\t\t\t<\/div>\n\t\t<\/div>\n\t\t\t\t\t\t\t<\/div>\n\t\t<\/section>\n\t\t\t\t<section class=\"elementor-section elementor-top-section elementor-element elementor-element-d4686ef elementor-section-boxed elementor-section-height-default elementor-section-height-default parallax_section_no qode_elementor_container_no qode-content-aligment-left\" data-id=\"d4686ef\" data-element_type=\"section\">\n\t\t\t\t\t\t<div class=\"elementor-container elementor-column-gap-default\">\n\t\t\t\t\t<div class=\"elementor-column elementor-col-100 elementor-top-column elementor-element elementor-element-f4cabbb\" data-id=\"f4cabbb\" data-element_type=\"column\">\n\t\t\t<div class=\"elementor-widget-wrap elementor-element-populated\">\n\t\t\t\t\t\t\t\t<div class=\"elementor-element elementor-element-c7be45a elementor-widget elementor-widget-qi_addons_for_elementor_image_gallery\" data-id=\"c7be45a\" data-element_type=\"widget\" data-widget_type=\"qi_addons_for_elementor_image_gallery.default\">\n\t\t\t\t<div class=\"elementor-widget-container\">\n\t\t\t<div class=\"qodef-shortcode qodef-m  qodef-qi-image-gallery qodef-qi-fslightbox-popup qodef-popup-gallery qodef-image--hover-zoom  qodef-qi-grid qodef-layout--qi-columns  qodef-col-num--3   qodef-responsive--predefined\">\n\t<div class=\"qodef-grid-inner\">\n\t\t<div class=\"qodef-e qodef-image-wrapper qodef-grid-item\">\n\t<div class=\"qodef-e-inner\">\n\t\t\t\t\t<a class=\"qodef-popup-item\" itemprop=\"image\" href=\"http:\/\/panifotografik.pl\/wp-content\/uploads\/2022\/02\/sesje-rodzinne-plener-dzieciece-fotograf-poznan-wagrowiec-skoki.jpg\" data-type=\"image\" data-fslightbox=\"gallery-55\">\n\t\t\t\t\t\t<img loading=\"lazy\" decoding=\"async\" width=\"650\" height=\"650\" src=\"http:\/\/panifotografik.pl\/wp-content\/uploads\/2022\/02\/sesje-rodzinne-plener-dzieciece-fotograf-poznan-wagrowiec-skoki-650x650.jpg\" class=\"attachment-qi_addons_for_elementor_image_size_square size-qi_addons_for_elementor_image_size_square\" alt=\"\" srcset=\"http:\/\/panifotografik.pl\/wp-content\/uploads\/2022\/02\/sesje-rodzinne-plener-dzieciece-fotograf-poznan-wagrowiec-skoki-650x650.jpg 650w, http:\/\/panifotografik.pl\/wp-content\/uploads\/2022\/02\/sesje-rodzinne-plener-dzieciece-fotograf-poznan-wagrowiec-skoki-150x150.jpg 150w, http:\/\/panifotografik.pl\/wp-content\/uploads\/2022\/02\/sesje-rodzinne-plener-dzieciece-fotograf-poznan-wagrowiec-skoki-550x550.jpg 550w, http:\/\/panifotografik.pl\/wp-content\/uploads\/2022\/02\/sesje-rodzinne-plener-dzieciece-fotograf-poznan-wagrowiec-skoki-500x500.jpg 500w\" sizes=\"auto, (max-width: 650px) 100vw, 650px\" \/>\t\t\t\t\t<\/a>\n\t\t\t<\/div>\n<\/div>\n<div class=\"qodef-e qodef-image-wrapper qodef-grid-item\">\n\t<div class=\"qodef-e-inner\">\n\t\t\t\t\t<a class=\"qodef-popup-item\" itemprop=\"image\" href=\"http:\/\/panifotografik.pl\/wp-content\/uploads\/2022\/02\/Aneta-sesja-swiateczna-rodzinna-fotografia-pani-fotografik-studio.jpg\" data-type=\"image\" data-fslightbox=\"gallery-55\">\n\t\t\t\t\t\t<img loading=\"lazy\" decoding=\"async\" width=\"650\" height=\"650\" src=\"http:\/\/panifotografik.pl\/wp-content\/uploads\/2022\/02\/Aneta-sesja-swiateczna-rodzinna-fotografia-pani-fotografik-studio-650x650.jpg\" class=\"attachment-qi_addons_for_elementor_image_size_square size-qi_addons_for_elementor_image_size_square\" alt=\"\" srcset=\"http:\/\/panifotografik.pl\/wp-content\/uploads\/2022\/02\/Aneta-sesja-swiateczna-rodzinna-fotografia-pani-fotografik-studio-650x650.jpg 650w, http:\/\/panifotografik.pl\/wp-content\/uploads\/2022\/02\/Aneta-sesja-swiateczna-rodzinna-fotografia-pani-fotografik-studio-150x150.jpg 150w, http:\/\/panifotografik.pl\/wp-content\/uploads\/2022\/02\/Aneta-sesja-swiateczna-rodzinna-fotografia-pani-fotografik-studio-550x550.jpg 550w, http:\/\/panifotografik.pl\/wp-content\/uploads\/2022\/02\/Aneta-sesja-swiateczna-rodzinna-fotografia-pani-fotografik-studio-500x500.jpg 500w\" sizes=\"auto, (max-width: 650px) 100vw, 650px\" \/>\t\t\t\t\t<\/a>\n\t\t\t<\/div>\n<\/div>\n<div class=\"qodef-e qodef-image-wrapper qodef-grid-item\">\n\t<div class=\"qodef-e-inner\">\n\t\t\t\t\t<a class=\"qodef-popup-item\" itemprop=\"image\" href=\"http:\/\/panifotografik.pl\/wp-content\/uploads\/2022\/02\/Aneta-sesja-swiateczna-rodzinna-fotografia-pani-fotografik-studio-poznan.jpg\" data-type=\"image\" data-fslightbox=\"gallery-55\">\n\t\t\t\t\t\t<img loading=\"lazy\" decoding=\"async\" width=\"650\" height=\"650\" src=\"http:\/\/panifotografik.pl\/wp-content\/uploads\/2022\/02\/Aneta-sesja-swiateczna-rodzinna-fotografia-pani-fotografik-studio-poznan-650x650.jpg\" class=\"attachment-qi_addons_for_elementor_image_size_square size-qi_addons_for_elementor_image_size_square\" alt=\"\" srcset=\"http:\/\/panifotografik.pl\/wp-content\/uploads\/2022\/02\/Aneta-sesja-swiateczna-rodzinna-fotografia-pani-fotografik-studio-poznan-650x650.jpg 650w, http:\/\/panifotografik.pl\/wp-content\/uploads\/2022\/02\/Aneta-sesja-swiateczna-rodzinna-fotografia-pani-fotografik-studio-poznan-150x150.jpg 150w, http:\/\/panifotografik.pl\/wp-content\/uploads\/2022\/02\/Aneta-sesja-swiateczna-rodzinna-fotografia-pani-fotografik-studio-poznan-550x550.jpg 550w, http:\/\/panifotografik.pl\/wp-content\/uploads\/2022\/02\/Aneta-sesja-swiateczna-rodzinna-fotografia-pani-fotografik-studio-poznan-500x500.jpg 500w\" sizes=\"auto, (max-width: 650px) 100vw, 650px\" \/>\t\t\t\t\t<\/a>\n\t\t\t<\/div>\n<\/div>\n<div class=\"qodef-e qodef-image-wrapper qodef-grid-item\">\n\t<div class=\"qodef-e-inner\">\n\t\t\t\t\t<a class=\"qodef-popup-item\" itemprop=\"image\" href=\"http:\/\/panifotografik.pl\/wp-content\/uploads\/2022\/02\/Aneta-sesja-swiateczna-rodzinna-fotografia-pani-fotografik-studio-wagrowiec.jpg\" data-type=\"image\" data-fslightbox=\"gallery-55\">\n\t\t\t\t\t\t<img loading=\"lazy\" decoding=\"async\" width=\"650\" height=\"650\" src=\"http:\/\/panifotografik.pl\/wp-content\/uploads\/2022\/02\/Aneta-sesja-swiateczna-rodzinna-fotografia-pani-fotografik-studio-wagrowiec-650x650.jpg\" class=\"attachment-qi_addons_for_elementor_image_size_square size-qi_addons_for_elementor_image_size_square\" alt=\"\" srcset=\"http:\/\/panifotografik.pl\/wp-content\/uploads\/2022\/02\/Aneta-sesja-swiateczna-rodzinna-fotografia-pani-fotografik-studio-wagrowiec-650x650.jpg 650w, http:\/\/panifotografik.pl\/wp-content\/uploads\/2022\/02\/Aneta-sesja-swiateczna-rodzinna-fotografia-pani-fotografik-studio-wagrowiec-150x150.jpg 150w, http:\/\/panifotografik.pl\/wp-content\/uploads\/2022\/02\/Aneta-sesja-swiateczna-rodzinna-fotografia-pani-fotografik-studio-wagrowiec-550x550.jpg 550w, http:\/\/panifotografik.pl\/wp-content\/uploads\/2022\/02\/Aneta-sesja-swiateczna-rodzinna-fotografia-pani-fotografik-studio-wagrowiec-500x500.jpg 500w\" sizes=\"auto, (max-width: 650px) 100vw, 650px\" \/>\t\t\t\t\t<\/a>\n\t\t\t<\/div>\n<\/div>\n<div class=\"qodef-e qodef-image-wrapper qodef-grid-item\">\n\t<div class=\"qodef-e-inner\">\n\t\t\t\t\t<a class=\"qodef-popup-item\" itemprop=\"image\" href=\"http:\/\/panifotografik.pl\/wp-content\/uploads\/2022\/02\/Aneta-sesja-swiateczna-rodzinna-fotografia-.jpg\" data-type=\"image\" data-fslightbox=\"gallery-55\">\n\t\t\t\t\t\t<img loading=\"lazy\" decoding=\"async\" width=\"650\" height=\"650\" src=\"http:\/\/panifotografik.pl\/wp-content\/uploads\/2022\/02\/Aneta-sesja-swiateczna-rodzinna-fotografia--650x650.jpg\" class=\"attachment-qi_addons_for_elementor_image_size_square size-qi_addons_for_elementor_image_size_square\" alt=\"\" srcset=\"http:\/\/panifotografik.pl\/wp-content\/uploads\/2022\/02\/Aneta-sesja-swiateczna-rodzinna-fotografia--650x650.jpg 650w, http:\/\/panifotografik.pl\/wp-content\/uploads\/2022\/02\/Aneta-sesja-swiateczna-rodzinna-fotografia--150x150.jpg 150w, http:\/\/panifotografik.pl\/wp-content\/uploads\/2022\/02\/Aneta-sesja-swiateczna-rodzinna-fotografia--550x550.jpg 550w, http:\/\/panifotografik.pl\/wp-content\/uploads\/2022\/02\/Aneta-sesja-swiateczna-rodzinna-fotografia--500x500.jpg 500w\" sizes=\"auto, (max-width: 650px) 100vw, 650px\" \/>\t\t\t\t\t<\/a>\n\t\t\t<\/div>\n<\/div>\n<div class=\"qodef-e qodef-image-wrapper qodef-grid-item\">\n\t<div class=\"qodef-e-inner\">\n\t\t\t\t\t<a class=\"qodef-popup-item\" itemprop=\"image\" href=\"http:\/\/panifotografik.pl\/wp-content\/uploads\/2022\/02\/Aneta-sesja-swiateczna-rodzinna-fotografia-dziecieca.jpg\" data-type=\"image\" data-fslightbox=\"gallery-55\">\n\t\t\t\t\t\t<img loading=\"lazy\" decoding=\"async\" width=\"650\" height=\"650\" src=\"http:\/\/panifotografik.pl\/wp-content\/uploads\/2022\/02\/Aneta-sesja-swiateczna-rodzinna-fotografia-dziecieca-650x650.jpg\" class=\"attachment-qi_addons_for_elementor_image_size_square size-qi_addons_for_elementor_image_size_square\" alt=\"\" srcset=\"http:\/\/panifotografik.pl\/wp-content\/uploads\/2022\/02\/Aneta-sesja-swiateczna-rodzinna-fotografia-dziecieca-650x650.jpg 650w, http:\/\/panifotografik.pl\/wp-content\/uploads\/2022\/02\/Aneta-sesja-swiateczna-rodzinna-fotografia-dziecieca-150x150.jpg 150w, http:\/\/panifotografik.pl\/wp-content\/uploads\/2022\/02\/Aneta-sesja-swiateczna-rodzinna-fotografia-dziecieca-550x550.jpg 550w, http:\/\/panifotografik.pl\/wp-content\/uploads\/2022\/02\/Aneta-sesja-swiateczna-rodzinna-fotografia-dziecieca-500x500.jpg 500w\" sizes=\"auto, (max-width: 650px) 100vw, 650px\" \/>\t\t\t\t\t<\/a>\n\t\t\t<\/div>\n<\/div>\n<div class=\"qodef-e qodef-image-wrapper qodef-grid-item\">\n\t<div class=\"qodef-e-inner\">\n\t\t\t\t\t<a class=\"qodef-popup-item\" itemprop=\"image\" href=\"http:\/\/panifotografik.pl\/wp-content\/uploads\/2022\/02\/Aneta-sesja-swiateczna-rodzinna-fotografia-pani-fotografik-studio-skoki.jpg\" data-type=\"image\" data-fslightbox=\"gallery-55\">\n\t\t\t\t\t\t<img loading=\"lazy\" decoding=\"async\" width=\"650\" height=\"650\" src=\"http:\/\/panifotografik.pl\/wp-content\/uploads\/2022\/02\/Aneta-sesja-swiateczna-rodzinna-fotografia-pani-fotografik-studio-skoki-650x650.jpg\" class=\"attachment-qi_addons_for_elementor_image_size_square size-qi_addons_for_elementor_image_size_square\" alt=\"\" srcset=\"http:\/\/panifotografik.pl\/wp-content\/uploads\/2022\/02\/Aneta-sesja-swiateczna-rodzinna-fotografia-pani-fotografik-studio-skoki-650x650.jpg 650w, http:\/\/panifotografik.pl\/wp-content\/uploads\/2022\/02\/Aneta-sesja-swiateczna-rodzinna-fotografia-pani-fotografik-studio-skoki-150x150.jpg 150w, http:\/\/panifotografik.pl\/wp-content\/uploads\/2022\/02\/Aneta-sesja-swiateczna-rodzinna-fotografia-pani-fotografik-studio-skoki-550x550.jpg 550w, http:\/\/panifotografik.pl\/wp-content\/uploads\/2022\/02\/Aneta-sesja-swiateczna-rodzinna-fotografia-pani-fotografik-studio-skoki-500x500.jpg 500w\" sizes=\"auto, (max-width: 650px) 100vw, 650px\" \/>\t\t\t\t\t<\/a>\n\t\t\t<\/div>\n<\/div>\n<div class=\"qodef-e qodef-image-wrapper qodef-grid-item\">\n\t<div class=\"qodef-e-inner\">\n\t\t\t\t\t<a class=\"qodef-popup-item\" itemprop=\"image\" href=\"http:\/\/panifotografik.pl\/wp-content\/uploads\/2022\/02\/Ania-sesja-rodzinna-swiateczna-tata-synowie.jpg\" data-type=\"image\" data-fslightbox=\"gallery-55\">\n\t\t\t\t\t\t<img loading=\"lazy\" decoding=\"async\" width=\"650\" height=\"650\" src=\"http:\/\/panifotografik.pl\/wp-content\/uploads\/2022\/02\/Ania-sesja-rodzinna-swiateczna-tata-synowie-650x650.jpg\" class=\"attachment-qi_addons_for_elementor_image_size_square size-qi_addons_for_elementor_image_size_square\" alt=\"\" srcset=\"http:\/\/panifotografik.pl\/wp-content\/uploads\/2022\/02\/Ania-sesja-rodzinna-swiateczna-tata-synowie-650x650.jpg 650w, http:\/\/panifotografik.pl\/wp-content\/uploads\/2022\/02\/Ania-sesja-rodzinna-swiateczna-tata-synowie-150x150.jpg 150w, http:\/\/panifotografik.pl\/wp-content\/uploads\/2022\/02\/Ania-sesja-rodzinna-swiateczna-tata-synowie-550x550.jpg 550w, http:\/\/panifotografik.pl\/wp-content\/uploads\/2022\/02\/Ania-sesja-rodzinna-swiateczna-tata-synowie-500x500.jpg 500w\" sizes=\"auto, (max-width: 650px) 100vw, 650px\" \/>\t\t\t\t\t<\/a>\n\t\t\t<\/div>\n<\/div>\n<div class=\"qodef-e qodef-image-wrapper qodef-grid-item\">\n\t<div class=\"qodef-e-inner\">\n\t\t\t\t\t<a class=\"qodef-popup-item\" itemprop=\"image\" href=\"http:\/\/panifotografik.pl\/wp-content\/uploads\/2022\/02\/Ania-sesja-swiateczna.jpg\" data-type=\"image\" data-fslightbox=\"gallery-55\">\n\t\t\t\t\t\t<img loading=\"lazy\" decoding=\"async\" width=\"650\" height=\"650\" src=\"http:\/\/panifotografik.pl\/wp-content\/uploads\/2022\/02\/Ania-sesja-swiateczna-650x650.jpg\" class=\"attachment-qi_addons_for_elementor_image_size_square size-qi_addons_for_elementor_image_size_square\" alt=\"\" srcset=\"http:\/\/panifotografik.pl\/wp-content\/uploads\/2022\/02\/Ania-sesja-swiateczna-650x650.jpg 650w, http:\/\/panifotografik.pl\/wp-content\/uploads\/2022\/02\/Ania-sesja-swiateczna-150x150.jpg 150w, http:\/\/panifotografik.pl\/wp-content\/uploads\/2022\/02\/Ania-sesja-swiateczna-550x550.jpg 550w, http:\/\/panifotografik.pl\/wp-content\/uploads\/2022\/02\/Ania-sesja-swiateczna-500x500.jpg 500w\" sizes=\"auto, (max-width: 650px) 100vw, 650px\" \/>\t\t\t\t\t<\/a>\n\t\t\t<\/div>\n<\/div>\n<div class=\"qodef-e qodef-image-wrapper qodef-grid-item\">\n\t<div class=\"qodef-e-inner\">\n\t\t\t\t\t<a class=\"qodef-popup-item\" itemprop=\"image\" href=\"http:\/\/panifotografik.pl\/wp-content\/uploads\/2022\/02\/Ania-sesja-swiateczna-rodzice-dziecko.jpg\" data-type=\"image\" data-fslightbox=\"gallery-55\">\n\t\t\t\t\t\t<img loading=\"lazy\" decoding=\"async\" width=\"650\" height=\"650\" src=\"http:\/\/panifotografik.pl\/wp-content\/uploads\/2022\/02\/Ania-sesja-swiateczna-rodzice-dziecko-650x650.jpg\" class=\"attachment-qi_addons_for_elementor_image_size_square size-qi_addons_for_elementor_image_size_square\" alt=\"\" srcset=\"http:\/\/panifotografik.pl\/wp-content\/uploads\/2022\/02\/Ania-sesja-swiateczna-rodzice-dziecko-650x650.jpg 650w, http:\/\/panifotografik.pl\/wp-content\/uploads\/2022\/02\/Ania-sesja-swiateczna-rodzice-dziecko-150x150.jpg 150w, http:\/\/panifotografik.pl\/wp-content\/uploads\/2022\/02\/Ania-sesja-swiateczna-rodzice-dziecko-550x550.jpg 550w, http:\/\/panifotografik.pl\/wp-content\/uploads\/2022\/02\/Ania-sesja-swiateczna-rodzice-dziecko-500x500.jpg 500w\" sizes=\"auto, (max-width: 650px) 100vw, 650px\" \/>\t\t\t\t\t<\/a>\n\t\t\t<\/div>\n<\/div>\n<div class=\"qodef-e qodef-image-wrapper qodef-grid-item\">\n\t<div class=\"qodef-e-inner\">\n\t\t\t\t\t<a class=\"qodef-popup-item\" itemprop=\"image\" href=\"http:\/\/panifotografik.pl\/wp-content\/uploads\/2022\/02\/Ania-sesja-swiateczna-rodzinne-pani-fotografik.jpg\" data-type=\"image\" data-fslightbox=\"gallery-55\">\n\t\t\t\t\t\t<img loading=\"lazy\" decoding=\"async\" width=\"650\" height=\"650\" src=\"http:\/\/panifotografik.pl\/wp-content\/uploads\/2022\/02\/Ania-sesja-swiateczna-rodzinne-pani-fotografik-650x650.jpg\" class=\"attachment-qi_addons_for_elementor_image_size_square size-qi_addons_for_elementor_image_size_square\" alt=\"\" srcset=\"http:\/\/panifotografik.pl\/wp-content\/uploads\/2022\/02\/Ania-sesja-swiateczna-rodzinne-pani-fotografik-650x650.jpg 650w, http:\/\/panifotografik.pl\/wp-content\/uploads\/2022\/02\/Ania-sesja-swiateczna-rodzinne-pani-fotografik-150x150.jpg 150w, http:\/\/panifotografik.pl\/wp-content\/uploads\/2022\/02\/Ania-sesja-swiateczna-rodzinne-pani-fotografik-550x550.jpg 550w, http:\/\/panifotografik.pl\/wp-content\/uploads\/2022\/02\/Ania-sesja-swiateczna-rodzinne-pani-fotografik-500x500.jpg 500w\" sizes=\"auto, (max-width: 650px) 100vw, 650px\" \/>\t\t\t\t\t<\/a>\n\t\t\t<\/div>\n<\/div>\n<div class=\"qodef-e qodef-image-wrapper qodef-grid-item\">\n\t<div class=\"qodef-e-inner\">\n\t\t\t\t\t<a class=\"qodef-popup-item\" itemprop=\"image\" href=\"http:\/\/panifotografik.pl\/wp-content\/uploads\/2022\/02\/Ania-sesja-swiateczna-zdjecia-rodzinne.jpg\" data-type=\"image\" data-fslightbox=\"gallery-55\">\n\t\t\t\t\t\t<img loading=\"lazy\" decoding=\"async\" width=\"650\" height=\"650\" src=\"http:\/\/panifotografik.pl\/wp-content\/uploads\/2022\/02\/Ania-sesja-swiateczna-zdjecia-rodzinne-650x650.jpg\" class=\"attachment-qi_addons_for_elementor_image_size_square size-qi_addons_for_elementor_image_size_square\" alt=\"\" srcset=\"http:\/\/panifotografik.pl\/wp-content\/uploads\/2022\/02\/Ania-sesja-swiateczna-zdjecia-rodzinne-650x650.jpg 650w, http:\/\/panifotografik.pl\/wp-content\/uploads\/2022\/02\/Ania-sesja-swiateczna-zdjecia-rodzinne-150x150.jpg 150w, http:\/\/panifotografik.pl\/wp-content\/uploads\/2022\/02\/Ania-sesja-swiateczna-zdjecia-rodzinne-550x550.jpg 550w, http:\/\/panifotografik.pl\/wp-content\/uploads\/2022\/02\/Ania-sesja-swiateczna-zdjecia-rodzinne-500x500.jpg 500w\" sizes=\"auto, (max-width: 650px) 100vw, 650px\" \/>\t\t\t\t\t<\/a>\n\t\t\t<\/div>\n<\/div>\n<div class=\"qodef-e qodef-image-wrapper qodef-grid-item\">\n\t<div class=\"qodef-e-inner\">\n\t\t\t\t\t<a class=\"qodef-popup-item\" itemprop=\"image\" href=\"http:\/\/panifotografik.pl\/wp-content\/uploads\/2022\/02\/Ania-sesja-swiateczna-zdjecia-rodzinne-mama-syn.jpg\" data-type=\"image\" data-fslightbox=\"gallery-55\">\n\t\t\t\t\t\t<img loading=\"lazy\" decoding=\"async\" width=\"650\" height=\"650\" src=\"http:\/\/panifotografik.pl\/wp-content\/uploads\/2022\/02\/Ania-sesja-swiateczna-zdjecia-rodzinne-mama-syn-650x650.jpg\" class=\"attachment-qi_addons_for_elementor_image_size_square size-qi_addons_for_elementor_image_size_square\" alt=\"\" srcset=\"http:\/\/panifotografik.pl\/wp-content\/uploads\/2022\/02\/Ania-sesja-swiateczna-zdjecia-rodzinne-mama-syn-650x650.jpg 650w, http:\/\/panifotografik.pl\/wp-content\/uploads\/2022\/02\/Ania-sesja-swiateczna-zdjecia-rodzinne-mama-syn-150x150.jpg 150w, http:\/\/panifotografik.pl\/wp-content\/uploads\/2022\/02\/Ania-sesja-swiateczna-zdjecia-rodzinne-mama-syn-550x550.jpg 550w, http:\/\/panifotografik.pl\/wp-content\/uploads\/2022\/02\/Ania-sesja-swiateczna-zdjecia-rodzinne-mama-syn-500x500.jpg 500w\" sizes=\"auto, (max-width: 650px) 100vw, 650px\" \/>\t\t\t\t\t<\/a>\n\t\t\t<\/div>\n<\/div>\n\t<\/div>\n<\/div>\n\t\t<\/div>\n\t\t\t\t<\/div>\n\t\t\t\t\t<\/div>\n\t\t<\/div>\n\t\t\t\t\t\t\t<\/div>\n\t\t<\/section>\n\t\t\t\t<section class=\"elementor-section elementor-top-section elementor-element elementor-element-0f40a0c elementor-section-boxed elementor-section-height-default elementor-section-height-default parallax_section_no qode_elementor_container_no qode-content-aligment-left\" data-id=\"0f40a0c\" data-element_type=\"section\">\n\t\t\t\t\t\t<div class=\"elementor-container elementor-column-gap-default\">\n\t\t\t\t\t<div class=\"elementor-column elementor-col-100 elementor-top-column elementor-element elementor-element-6bc2ba8\" data-id=\"6bc2ba8\" data-element_type=\"column\">\n\t\t\t<div class=\"elementor-widget-wrap elementor-element-populated\">\n\t\t\t\t\t\t\t\t<div class=\"elementor-element elementor-element-1fd8b05 elementor-widget elementor-widget-spacer\" data-id=\"1fd8b05\" data-element_type=\"widget\" data-widget_type=\"spacer.default\">\n\t\t\t\t<div class=\"elementor-widget-container\">\n\t\t\t\t\t<div class=\"elementor-spacer\">\n\t\t\t<div class=\"elementor-spacer-inner\"><\/div>\n\t\t<\/div>\n\t\t\t\t<\/div>\n\t\t\t\t<\/div>\n\t\t\t\t\t<\/div>\n\t\t<\/div>\n\t\t\t\t\t\t\t<\/div>\n\t\t<\/section>\n\t\t\t\t\t\t<\/div>\n\t\t\t\t\t<\/div>\n\t\t","protected":false},"excerpt":{"rendered":"<p>Najlepiej czujecie si\u0119 u siebie w domu?&nbsp; I bardzo dobrze. Absolutnie to rozumiem. Mo\u017cecie zaprosi\u0107 mnie na rodzinne zdj\u0119cia do swojego domu. B\u0119d\u0119 Wam w\u00f3wczas asystowa\u0107 w Waszej wsp\u00f3lnej, niezwyk\u0142ej codzienno\u015bci. Bez po\u015bpiechu, nerwowej atmosfery. Skupicie si\u0119 na sobie i zapomnicie, \u017ce to sesja fotograficzna&#8230;.<\/p>\n","protected":false},"author":1,"featured_media":0,"parent":0,"menu_order":0,"comment_status":"closed","ping_status":"closed","template":"","meta":{"footnotes":""},"class_list":["post-558","page","type-page","status-publish","hentry"],"_links":{"self":[{"href":"http:\/\/panifotografik.pl\/index.php\/wp-json\/wp\/v2\/pages\/558","targetHints":{"allow":["GET"]}}],"collection":[{"href":"http:\/\/panifotografik.pl\/index.php\/wp-json\/wp\/v2\/pages"}],"about":[{"href":"http:\/\/panifotografik.pl\/index.php\/wp-json\/wp\/v2\/types\/page"}],"author":[{"embeddable":true,"href":"http:\/\/panifotografik.pl\/index.php\/wp-json\/wp\/v2\/users\/1"}],"replies":[{"embeddable":true,"href":"http:\/\/panifotografik.pl\/index.php\/wp-json\/wp\/v2\/comments?post=558"}],"version-history":[{"count":28,"href":"http:\/\/panifotografik.pl\/index.php\/wp-json\/wp\/v2\/pages\/558\/revisions"}],"predecessor-version":[{"id":1091,"href":"http:\/\/panifotografik.pl\/index.php\/wp-json\/wp\/v2\/pages\/558\/revisions\/1091"}],"wp:attachment":[{"href":"http:\/\/panifotografik.pl\/index.php\/wp-json\/wp\/v2\/media?parent=558"}],"curies":[{"name":"wp","href":"https:\/\/api.w.org\/{rel}","templated":true}]}}