{"id":560,"date":"2022-02-01T18:17:11","date_gmt":"2022-02-01T17:17:11","guid":{"rendered":"http:\/\/panifotografik.pl\/?page_id=560"},"modified":"2022-02-10T01:47:55","modified_gmt":"2022-02-10T00:47:55","slug":"fotografia-dziecieca","status":"publish","type":"page","link":"http:\/\/panifotografik.pl\/index.php\/fotografia-dziecieca\/","title":{"rendered":"Fotografia dzieci\u0119ca"},"content":{"rendered":"\t\t<div data-elementor-type=\"wp-page\" data-elementor-id=\"560\" class=\"elementor elementor-560\" data-elementor-settings=\"[]\">\n\t\t\t\t\t\t\t<div class=\"elementor-section-wrap\">\n\t\t\t\t\t\t\t<section class=\"elementor-section elementor-top-section elementor-element elementor-element-0c817db elementor-section-boxed elementor-section-height-default elementor-section-height-default parallax_section_no qode_elementor_container_no qode-content-aligment-left\" data-id=\"0c817db\" data-element_type=\"section\">\n\t\t\t\t\t\t<div class=\"elementor-container elementor-column-gap-default\">\n\t\t\t\t\t<div class=\"elementor-column elementor-col-100 elementor-top-column elementor-element elementor-element-a70a86e\" data-id=\"a70a86e\" data-element_type=\"column\">\n\t\t\t<div class=\"elementor-widget-wrap elementor-element-populated\">\n\t\t\t\t\t\t\t\t<div class=\"elementor-element elementor-element-d8be8d5 elementor-widget elementor-widget-text-editor\" data-id=\"d8be8d5\" data-element_type=\"widget\" data-widget_type=\"text-editor.default\">\n\t\t\t\t<div class=\"elementor-widget-container\">\n\t\t\t<style>\/*! elementor - v3.5.5 - 03-02-2022 *\/\n.elementor-widget-text-editor.elementor-drop-cap-view-stacked .elementor-drop-cap{background-color:#818a91;color:#fff}.elementor-widget-text-editor.elementor-drop-cap-view-framed .elementor-drop-cap{color:#818a91;border:3px solid;background-color:transparent}.elementor-widget-text-editor:not(.elementor-drop-cap-view-default) .elementor-drop-cap{margin-top:8px}.elementor-widget-text-editor:not(.elementor-drop-cap-view-default) .elementor-drop-cap-letter{width:1em;height:1em}.elementor-widget-text-editor .elementor-drop-cap{float:left;text-align:center;line-height:1;font-size:50px}.elementor-widget-text-editor .elementor-drop-cap-letter{display:inline-block}<\/style>\t\t\t\t<p><span style=\"color: #121212; background-color: #ffffff;\">Zachowajcie najpi\u0119kniejsze chwile i momenty z Waszym Maluszkiem. Sesja zdj\u0119ciowa to doskona\u0142a pami\u0105tka jak szybko zmieniaj\u0105 si\u0119 nasze pociechy.<\/span><\/p>\t\t\t\t\t\t<\/div>\n\t\t\t\t<\/div>\n\t\t\t\t\t<\/div>\n\t\t<\/div>\n\t\t\t\t\t\t\t<\/div>\n\t\t<\/section>\n\t\t\t\t<section class=\"elementor-section elementor-top-section elementor-element elementor-element-a30a1d5 elementor-section-boxed elementor-section-height-default elementor-section-height-default parallax_section_no qode_elementor_container_no qode-content-aligment-left\" data-id=\"a30a1d5\" data-element_type=\"section\">\n\t\t\t\t\t\t<div class=\"elementor-container elementor-column-gap-default\">\n\t\t\t\t\t<div class=\"elementor-column elementor-col-100 elementor-top-column elementor-element elementor-element-39faa8e\" data-id=\"39faa8e\" data-element_type=\"column\">\n\t\t\t<div class=\"elementor-widget-wrap elementor-element-populated\">\n\t\t\t\t\t\t\t\t<div class=\"elementor-element elementor-element-ba92efd elementor-widget elementor-widget-qi_addons_for_elementor_image_gallery\" data-id=\"ba92efd\" data-element_type=\"widget\" data-widget_type=\"qi_addons_for_elementor_image_gallery.default\">\n\t\t\t\t<div class=\"elementor-widget-container\">\n\t\t\t<div class=\"qodef-shortcode qodef-m  qodef-qi-image-gallery qodef-qi-fslightbox-popup qodef-popup-gallery qodef-image--hover-zoom  qodef-qi-grid qodef-layout--qi-columns  qodef-col-num--3   qodef-responsive--predefined\">\n\t<div class=\"qodef-grid-inner\">\n\t\t<div class=\"qodef-e qodef-image-wrapper qodef-grid-item\">\n\t<div class=\"qodef-e-inner\">\n\t\t\t\t\t<a class=\"qodef-popup-item\" itemprop=\"image\" href=\"http:\/\/panifotografik.pl\/wp-content\/uploads\/2022\/01\/sesje-dzieciece-noworodkowe-boho-lifestyle-poznan-fotograf-rodzinny-1.jpg\" data-type=\"image\" data-fslightbox=\"gallery-205\">\n\t\t\t\t\t\t<img loading=\"lazy\" decoding=\"async\" width=\"650\" height=\"650\" src=\"http:\/\/panifotografik.pl\/wp-content\/uploads\/2022\/01\/sesje-dzieciece-noworodkowe-boho-lifestyle-poznan-fotograf-rodzinny-1-650x650.jpg\" class=\"attachment-qi_addons_for_elementor_image_size_square size-qi_addons_for_elementor_image_size_square\" alt=\"\" srcset=\"http:\/\/panifotografik.pl\/wp-content\/uploads\/2022\/01\/sesje-dzieciece-noworodkowe-boho-lifestyle-poznan-fotograf-rodzinny-1-650x650.jpg 650w, http:\/\/panifotografik.pl\/wp-content\/uploads\/2022\/01\/sesje-dzieciece-noworodkowe-boho-lifestyle-poznan-fotograf-rodzinny-1-300x300.jpg 300w, http:\/\/panifotografik.pl\/wp-content\/uploads\/2022\/01\/sesje-dzieciece-noworodkowe-boho-lifestyle-poznan-fotograf-rodzinny-1-150x150.jpg 150w, http:\/\/panifotografik.pl\/wp-content\/uploads\/2022\/01\/sesje-dzieciece-noworodkowe-boho-lifestyle-poznan-fotograf-rodzinny-1-768x768.jpg 768w, http:\/\/panifotografik.pl\/wp-content\/uploads\/2022\/01\/sesje-dzieciece-noworodkowe-boho-lifestyle-poznan-fotograf-rodzinny-1-550x550.jpg 550w, http:\/\/panifotografik.pl\/wp-content\/uploads\/2022\/01\/sesje-dzieciece-noworodkowe-boho-lifestyle-poznan-fotograf-rodzinny-1-500x500.jpg 500w, http:\/\/panifotografik.pl\/wp-content\/uploads\/2022\/01\/sesje-dzieciece-noworodkowe-boho-lifestyle-poznan-fotograf-rodzinny-1.jpg 1000w, http:\/\/panifotografik.pl\/wp-content\/uploads\/2022\/01\/sesje-dzieciece-noworodkowe-boho-lifestyle-poznan-fotograf-rodzinny-1-700x700.jpg 700w\" sizes=\"auto, (max-width: 650px) 100vw, 650px\" \/>\t\t\t\t\t<\/a>\n\t\t\t<\/div>\n<\/div>\n<div class=\"qodef-e qodef-image-wrapper qodef-grid-item\">\n\t<div class=\"qodef-e-inner\">\n\t\t\t\t\t<a class=\"qodef-popup-item\" itemprop=\"image\" href=\"http:\/\/panifotografik.pl\/wp-content\/uploads\/2020\/08\/sesja-dziecieca-fotograf-rodzinny-zdjecie-dziecka-poznan.jpg\" data-type=\"image\" data-fslightbox=\"gallery-205\">\n\t\t\t\t\t\t<img loading=\"lazy\" decoding=\"async\" width=\"650\" height=\"650\" src=\"http:\/\/panifotografik.pl\/wp-content\/uploads\/2020\/08\/sesja-dziecieca-fotograf-rodzinny-zdjecie-dziecka-poznan-650x650.jpg\" class=\"attachment-qi_addons_for_elementor_image_size_square size-qi_addons_for_elementor_image_size_square\" alt=\"\" srcset=\"http:\/\/panifotografik.pl\/wp-content\/uploads\/2020\/08\/sesja-dziecieca-fotograf-rodzinny-zdjecie-dziecka-poznan-650x650.jpg 650w, http:\/\/panifotografik.pl\/wp-content\/uploads\/2020\/08\/sesja-dziecieca-fotograf-rodzinny-zdjecie-dziecka-poznan-300x300.jpg 300w, http:\/\/panifotografik.pl\/wp-content\/uploads\/2020\/08\/sesja-dziecieca-fotograf-rodzinny-zdjecie-dziecka-poznan-150x150.jpg 150w, http:\/\/panifotografik.pl\/wp-content\/uploads\/2020\/08\/sesja-dziecieca-fotograf-rodzinny-zdjecie-dziecka-poznan-768x768.jpg 768w, http:\/\/panifotografik.pl\/wp-content\/uploads\/2020\/08\/sesja-dziecieca-fotograf-rodzinny-zdjecie-dziecka-poznan-550x550.jpg 550w, http:\/\/panifotografik.pl\/wp-content\/uploads\/2020\/08\/sesja-dziecieca-fotograf-rodzinny-zdjecie-dziecka-poznan-500x500.jpg 500w, http:\/\/panifotografik.pl\/wp-content\/uploads\/2020\/08\/sesja-dziecieca-fotograf-rodzinny-zdjecie-dziecka-poznan.jpg 1000w, http:\/\/panifotografik.pl\/wp-content\/uploads\/2020\/08\/sesja-dziecieca-fotograf-rodzinny-zdjecie-dziecka-poznan-700x700.jpg 700w\" sizes=\"auto, (max-width: 650px) 100vw, 650px\" \/>\t\t\t\t\t<\/a>\n\t\t\t<\/div>\n<\/div>\n<div class=\"qodef-e qodef-image-wrapper qodef-grid-item\">\n\t<div class=\"qodef-e-inner\">\n\t\t\t\t\t<a class=\"qodef-popup-item\" itemprop=\"image\" href=\"http:\/\/panifotografik.pl\/wp-content\/uploads\/2022\/02\/Oli_sesja_dziecieca-fotografia-bobas-noworodek-pani-fotografik.jpg\" data-type=\"image\" data-fslightbox=\"gallery-205\">\n\t\t\t\t\t\t<img loading=\"lazy\" decoding=\"async\" width=\"650\" height=\"650\" src=\"http:\/\/panifotografik.pl\/wp-content\/uploads\/2022\/02\/Oli_sesja_dziecieca-fotografia-bobas-noworodek-pani-fotografik-650x650.jpg\" class=\"attachment-qi_addons_for_elementor_image_size_square size-qi_addons_for_elementor_image_size_square\" alt=\"\" srcset=\"http:\/\/panifotografik.pl\/wp-content\/uploads\/2022\/02\/Oli_sesja_dziecieca-fotografia-bobas-noworodek-pani-fotografik-650x650.jpg 650w, http:\/\/panifotografik.pl\/wp-content\/uploads\/2022\/02\/Oli_sesja_dziecieca-fotografia-bobas-noworodek-pani-fotografik-150x150.jpg 150w, http:\/\/panifotografik.pl\/wp-content\/uploads\/2022\/02\/Oli_sesja_dziecieca-fotografia-bobas-noworodek-pani-fotografik-550x550.jpg 550w, http:\/\/panifotografik.pl\/wp-content\/uploads\/2022\/02\/Oli_sesja_dziecieca-fotografia-bobas-noworodek-pani-fotografik-500x500.jpg 500w\" sizes=\"auto, (max-width: 650px) 100vw, 650px\" \/>\t\t\t\t\t<\/a>\n\t\t\t<\/div>\n<\/div>\n<div class=\"qodef-e qodef-image-wrapper qodef-grid-item\">\n\t<div class=\"qodef-e-inner\">\n\t\t\t\t\t<a class=\"qodef-popup-item\" itemprop=\"image\" href=\"http:\/\/panifotografik.pl\/wp-content\/uploads\/2022\/02\/Oli_sesja_dziecieca-fotografia-bobas-noworodek-pani-fotografik-skoki.jpg\" data-type=\"image\" data-fslightbox=\"gallery-205\">\n\t\t\t\t\t\t<img loading=\"lazy\" decoding=\"async\" width=\"650\" height=\"650\" src=\"http:\/\/panifotografik.pl\/wp-content\/uploads\/2022\/02\/Oli_sesja_dziecieca-fotografia-bobas-noworodek-pani-fotografik-skoki-650x650.jpg\" class=\"attachment-qi_addons_for_elementor_image_size_square size-qi_addons_for_elementor_image_size_square\" alt=\"\" srcset=\"http:\/\/panifotografik.pl\/wp-content\/uploads\/2022\/02\/Oli_sesja_dziecieca-fotografia-bobas-noworodek-pani-fotografik-skoki-650x650.jpg 650w, http:\/\/panifotografik.pl\/wp-content\/uploads\/2022\/02\/Oli_sesja_dziecieca-fotografia-bobas-noworodek-pani-fotografik-skoki-150x150.jpg 150w, http:\/\/panifotografik.pl\/wp-content\/uploads\/2022\/02\/Oli_sesja_dziecieca-fotografia-bobas-noworodek-pani-fotografik-skoki-550x550.jpg 550w, http:\/\/panifotografik.pl\/wp-content\/uploads\/2022\/02\/Oli_sesja_dziecieca-fotografia-bobas-noworodek-pani-fotografik-skoki-500x500.jpg 500w\" sizes=\"auto, (max-width: 650px) 100vw, 650px\" \/>\t\t\t\t\t<\/a>\n\t\t\t<\/div>\n<\/div>\n\t<\/div>\n<\/div>\n\t\t<\/div>\n\t\t\t\t<\/div>\n\t\t\t\t\t<\/div>\n\t\t<\/div>\n\t\t\t\t\t\t\t<\/div>\n\t\t<\/section>\n\t\t\t\t<section class=\"elementor-section elementor-top-section elementor-element elementor-element-a3b6d34 elementor-section-boxed elementor-section-height-default elementor-section-height-default parallax_section_no qode_elementor_container_no qode-content-aligment-left\" data-id=\"a3b6d34\" data-element_type=\"section\">\n\t\t\t\t\t\t<div class=\"elementor-container elementor-column-gap-default\">\n\t\t\t\t\t<div class=\"elementor-column elementor-col-100 elementor-top-column elementor-element elementor-element-6974c6f\" data-id=\"6974c6f\" data-element_type=\"column\">\n\t\t\t<div class=\"elementor-widget-wrap elementor-element-populated\">\n\t\t\t\t\t\t\t\t<div class=\"elementor-element elementor-element-2f322fc elementor-widget elementor-widget-spacer\" data-id=\"2f322fc\" data-element_type=\"widget\" data-widget_type=\"spacer.default\">\n\t\t\t\t<div class=\"elementor-widget-container\">\n\t\t\t\t\t<div class=\"elementor-spacer\">\n\t\t\t<div class=\"elementor-spacer-inner\"><\/div>\n\t\t<\/div>\n\t\t\t\t<\/div>\n\t\t\t\t<\/div>\n\t\t\t\t\t<\/div>\n\t\t<\/div>\n\t\t\t\t\t\t\t<\/div>\n\t\t<\/section>\n\t\t\t\t\t\t<\/div>\n\t\t\t\t\t<\/div>\n\t\t","protected":false},"excerpt":{"rendered":"<p>Zachowajcie najpi\u0119kniejsze chwile i momenty z Waszym Maluszkiem. Sesja zdj\u0119ciowa to doskona\u0142a pami\u0105tka jak szybko zmieniaj\u0105 si\u0119 nasze pociechy.<\/p>\n","protected":false},"author":1,"featured_media":0,"parent":0,"menu_order":0,"comment_status":"closed","ping_status":"closed","template":"","meta":{"footnotes":""},"class_list":["post-560","page","type-page","status-publish","hentry"],"_links":{"self":[{"href":"http:\/\/panifotografik.pl\/index.php\/wp-json\/wp\/v2\/pages\/560","targetHints":{"allow":["GET"]}}],"collection":[{"href":"http:\/\/panifotografik.pl\/index.php\/wp-json\/wp\/v2\/pages"}],"about":[{"href":"http:\/\/panifotografik.pl\/index.php\/wp-json\/wp\/v2\/types\/page"}],"author":[{"embeddable":true,"href":"http:\/\/panifotografik.pl\/index.php\/wp-json\/wp\/v2\/users\/1"}],"replies":[{"embeddable":true,"href":"http:\/\/panifotografik.pl\/index.php\/wp-json\/wp\/v2\/comments?post=560"}],"version-history":[{"count":19,"href":"http:\/\/panifotografik.pl\/index.php\/wp-json\/wp\/v2\/pages\/560\/revisions"}],"predecessor-version":[{"id":1093,"href":"http:\/\/panifotografik.pl\/index.php\/wp-json\/wp\/v2\/pages\/560\/revisions\/1093"}],"wp:attachment":[{"href":"http:\/\/panifotografik.pl\/index.php\/wp-json\/wp\/v2\/media?parent=560"}],"curies":[{"name":"wp","href":"https:\/\/api.w.org\/{rel}","templated":true}]}}